{"id":2054,"date":"2021-11-09T19:56:08","date_gmt":"2021-11-09T19:56:08","guid":{"rendered":"https:\/\/grandhoteltraian.ro\/?page_id=2054"},"modified":"2021-12-14T20:16:39","modified_gmt":"2021-12-14T18:16:39","slug":"termeni-si-conditii","status":"publish","type":"page","link":"https:\/\/grandhoteltraian.ro\/ro\/termeni-si-conditii\/","title":{"rendered":"Termeni si Conditii"},"content":{"rendered":"<p><strong>TERMENII \u0218I CONDI\u021aIILE PENTRU UTILIZAREA SITE-ULUI<\/strong><\/p>\n<p>Aten\u021bie: V\u0103 rug\u0103m s\u0103 citi\u021bi aceste condi\u021bii cu aten\u021bie \u00eenainte de a utiliza acest website. Utilizarea acestui website consituie consim\u021b\u0103m\u00e2ntul dvs benevol cu privire la termenii \u0219i condi\u021biile de mai jos:<br \/>\nCon\u021binutul tuturor paginilor site-ului https:\/\/www.grandhoteltraian.ro sunt proprietatea firmei S.C. Motel Bucium S.R.L.<\/p>\n<p><strong>Art.1. Condi\u021bii de utilizare<\/strong><\/p>\n<p>Informa\u021biile \u0219i materialele folosite \u00een acest site sunt rezervate de S.C. Motel Bucium S.R.L.Folosirea oric\u0103rui text, imagine, material, fi\u0219ier sau obiect de construc\u021bie din acest site \u00een alte scopuri dec\u00e2t cele necomerciale \u0219i cele specificate \u00een site, f\u0103r\u0103 acordul scris al S.C. Motel Bucium S.R.L., este interzis\u0103, toate acestea fiind protejate potrivit prevederilor legii dreptului de<br \/>\nautor.<br \/>\nDatele \u0219i informa\u021biile sunt prezentate \u00een website-ul www.motelbucium.ro numai \u00een scopuri informative. S.C. Motel Bucium S.R.L. \u00ee\u0219i rezerv\u0103 dreptul de a modifica sau schimba at\u00e2t con\u021binutul, c\u00e2t \u0219i structura website-ului \u00een orice moment \u0219i f\u0103r\u0103 o notificare prealabil\u0103. Datele referitoare la alte companii sunt folosite cu acordul expres al tuturor p\u0103r\u021bilor implicate \u0219i pot fi schimbate sau<br \/>\nmodificate oric\u00e2nd, la cererea acestora.<\/p>\n<p><strong>Art.2. Utilizarea site-ului<\/strong><\/p>\n<p>S.C. Motel Bucium S.R.L. v\u0103 autorizeaz\u0103 s\u0103 explora\u021bi acest site numai dac\u0103 utilizarea este \u00een scop personal, cu condi\u021bia s\u0103 men\u021bine\u021bi toate simbolurile \u0219i textele cu privire la copyright \u0219i drepturile de proprietate pe care le con\u021bin materialele originale pe orice copie a materialelor. Nu pute\u021bi modifica \u00een niciun mod materialele din acest site sau s\u0103 le reproduce\u021bi, s\u0103 le expune\u021bi \u00een<br \/>\npublic, s\u0103 le redistribui\u021bi cu scop comercial. Utilizarea acestor materiale pe alte site-uri sau re\u021bele de calculatoare, \u00een orice scop, este interzis\u0103.<br \/>\nMaterialele din acest site sunt proprietatea S.C. Motel Bucium S.R.L. \u0219i utilizarea neautorizat\u0103 a acestora poate viola legea dreptului de autor. \u00cen condi\u021biile nerespect\u0103rii acestor condi\u021bii, nu mai sunte\u021bi autoriza\u021bi s\u0103 utiliza\u021bi acest site \u0219i trebuie s\u0103 distruge\u021bi toate materialele tip\u0103rite sau salvate \u00een calculator.<\/p>\n<p><strong>Art.3. Prelucrarea informa\u021biei<\/strong><\/p>\n<p>Informa\u021biile bancare asociate cardului dumneavoastr\u0103 nu fac obiectul prelucr\u0103rii de c\u0103tre Motel Bucium a datelor cu caracter personal. Datele bancare vor fi preluate \u0219i prelucrate \u00een mod direct, securizat \u0219i exclusiv .Informa\u021bia, cu excep\u021bia celei bancare, va fi prelucrat\u0103 de c\u0103tre www.motelbucium.ro, \u00een conformitate cu Regulamentului UE 679\/2016, put\u00e2nd<br \/>\nfi folosit\u0103 \u00een scopuri asociate comercializ\u0103rii serviciilor \u0219i produselor companiei, cum ar fi: S.C. MOTEL BUCIUM S.R.L. colecteaz\u0103 date \u00een urm\u0103toarele cazuri:<\/p>\n<p><strong>1<\/strong>. Dac\u0103 sunte\u021bi un client sau un poten\u021bial client al Hotelului:<\/p>\n<p>Avem obliga\u021bia de a administra \u00een condi\u021bii de siguran\u021b\u0103 \u0219i numai pentru scopurile specificate datele personale pe care ni le furniza\u021bi despre dumneavoastr\u0103.<br \/>\n<strong>1.1.<\/strong>\u00a0Pentru a v\u0103 oferi serviciile noastre<br \/>\nV\u0103 solicit\u0103m date pentru a v\u0103 oferi serviciile noastre:<br \/>\n\u2013 a v\u0103 putea rezerva camere, a ob\u021bine confirmarea rezerv\u0103rii \u0219i alte servicii \u00een hotelul nostru;<br \/>\n\u2013 a v\u0103 putea rezerva mese \u00een cadrul restaurantulului \u0219i a terasei;<br \/>\n\u2013 este posibil s\u0103 trebuiasc\u0103 s\u0103 r\u0103spundem \u0219i s\u0103 rezolv\u0103m cererile pe care ni le-a\u021bi transmis;<br \/>\nPentru acest lucru v\u0103 cerem consim\u021b\u0103m\u00e2ntul \/ acordul \u0219i v\u0103 solicit\u0103m numarul de telefon \u0219i adresa de e-mail, \u00een mod expres; avem ca temei al prelucr\u0103rii interesul nostru legitim.<br \/>\n\u2013 a v\u0103 putea caza \u00een hotelul nostru; prelucrarea datelor cu caracter personal se face, \u00een acest caz, \u00een baza unei obliga\u021bii legale;<br \/>\n\u2013 a v\u0103 rezerva un salon sau sala de conferinte \u00een cazul organiz\u0103rii unui eveniment, av\u00e2nd ca temei de prelucrare interesul legitim al hotelului, precum \u0219i executarea unui contract.<br \/>\n<strong>1.2.<\/strong>\u00a0Pentru a comunica cu dumneavoastr\u0103<br \/>\nEste important pentru noi s\u0103 putem comunica cu dumneavoastr\u0103 \u00een scopuri variate, cum ar fi acela de a afla care sunt opiniile dumneavoastr\u0103 asupra serviciilor noastre, acela de a solu\u021biona diverse sesiz\u0103ri ale dumneavoastr\u0103 sau acela de a v\u0103 putea oferi servicii personalizate, oferite \u00een timp util, \u00een format electronic.<br \/>\n<strong>1.3.<\/strong>\u00a0Respectarea obliga\u021biilor legale<br \/>\n\u00cen anumite situa\u021bii v\u0103 putem solicita unele date cu caracter personal \u00een temeiul unei obliga\u021bii legale, impuse de legisla\u021bia \u00een vigoare.<br \/>\n<strong>1.4.<\/strong>\u00a0Trimiterea de inform\u0103ri (newsletter)<br \/>\nV\u0103 solicit\u0103m date pentru a v\u0103 trimite inform\u0103ri comerciale \/ newslettere, \u00een format electronic. Pentru acest lucru v\u0103 cerem consim\u021b\u0103m\u00e2ntul \/ acordul \u0219i v\u0103 solicit\u0103m adresa de po\u0219t\u0103 electronic\u0103, \u00een mod expres; avem ca temei al prelucr\u0103rii interesul nostru legitim. V\u0103 pute\u021bi retrage oric\u00e2nd consim\u021b\u0103m\u00e2ntul, exprim\u00e2nd astfel op\u021biunea dumneavoastr\u0103 de a nu mai primi newsletter-ul nostru \u00een viitor, f\u0103c\u00e2nd click pe \u201edezabonare\u201d atunci c\u00e2nd primi\u021bi e-mailul respectiv.<br \/>\nCategoriile de date prelucrate \u00een contextul rela\u021biei noastre cu dumneavoastr\u0103 sunt numele si prenumele, numarul de telefon, adresa\/domiciliul, adresa de po\u0219t\u0103 electronic\u0103 (op\u021bional) precum \u0219i alte date personale pe care ni le pute\u021bi furniza direct.<br \/>\n<strong>1.5<\/strong>. Analiz\u0103, \u00eembun\u0103t\u0103\u021bire \u0219i cercetare<br \/>\nUtiliz\u0103m datele personale pentru a efectua sondaje de pia\u021b\u0103 \u0219i analize \u00een vederea \u00eembun\u0103t\u0103\u021birii serviciilor noastre. Este posibil s\u0103 implic\u0103m o ter\u021b\u0103 parte s\u0103 faca acest lucru \u00een numele nostru. Putem partaja sau dezvalui rezultatele unor astfel de cercetari, inclusiv unor ter\u021be p\u0103r\u021bi, \u00een forma anonim\u0103 agreat\u0103. Utiliz\u0103m datele dumneavostr\u0103 \u00een scopuri analitice, pentru a ne \u00eembun\u0103t\u0103\u021bi serviciile, pentru a \u00eembun\u0103t\u0103\u021bi experien\u021ba utilizatorilor \u0219i pentru a \u00eembun\u0103t\u0103\u021bi func\u021bionalitatea \u0219i calitatea serviciilor noastre online. Pentru acest lucru v\u0103 cerem consim\u021b\u0103m\u00e2ntul\/acordul \u0219i v\u0103 solicit\u0103m adresa de po\u0219t\u0103 electronic\u0103, \u00een mod expres; avem ca temei al prelucr\u0103rii interesul nostru legitim.<br \/>\n<strong>1.6.<\/strong>\u00a0Securitatea, detectarea \u0219i prevenirea fraudei<br \/>\nUtiliz\u0103m informa\u021bii, care pot include date cu caracter personal, pentru a preveni frauda \u0219i alte activit\u0103\u021bi ilegale sau care \u00eencalc\u0103 drepturile persoanelor fizice. De asemenea, folosim aceste informa\u021bii pentru a investiga \u0219i detecta frauda. Putem utiliza datele personale pentru evaluarea riscurilor \u0219i pentru scopuri de securitate, inclusiv autentificarea utilizatorilor. \u00cen acest scop, datele cu caracter personal pot fi comunicate unor ter\u021be p\u0103r\u021bi, cum ar fi autorit\u0103\u021bile de aplicare a legii, conform reglement\u0103rilor aplicabile, aflate \u00een vigoare.<br \/>\n<strong>1.7.<\/strong>\u00a0Motive juridice<br \/>\n\u00cen acest scop trebuie s\u0103 utiliz\u0103m informa\u021biile furnizate, care pot include date cu caracter personal, pentru a rezolva disputele juridice sau reclama\u021biile, pentru investiga\u021biile \u0219i respectarea reglement\u0103rilor sau pentru a pune \u00een aplicare un acord sau pentru a confirma solicit\u0103rile din partea organelor de drept \u00een m\u0103sura \u00een care acest lucru este prev\u0103zut de lege.<br \/>\n<strong>2.<\/strong>\u00a0Dac\u0103 sunte\u021bi un partener de afaceri \/ furnizor<br \/>\n<strong>2.1.<\/strong>\u00a0Pentru a \u021bine leg\u0103tura cu dumneavoastr\u0103<br \/>\nUtiliz\u0103m datele dumneavoastr\u0103 personale pentru a p\u0103stra contactul direct \u0219i a men\u021bine rela\u021bia contractual\u0103 cu dumneavoastr\u0103. Colect\u0103m aceste date av\u00e2nd ca temei \u00eencheierea de contracte comerciale.<br \/>\n<strong>2.2.<\/strong>\u00a0Comunicarea cu dumneavoastr\u0103<br \/>\nUtiliz\u0103m datele dumneavoastr\u0103 de contact pentru a comunica cu dumneavoastr\u0103 cu privire la orice probleme relevante legate de rela\u021bia noastr\u0103 contractual\u0103.<br \/>\n<strong>2.3.<\/strong>\u00a0Obliga\u021bie legal\u0103<br \/>\n\u00cen anumite situa\u021bii v\u0103 putem solicita unele date cu caracter personal \u00een temeiul unei obliga\u021bii legale, impuse de legisla\u021bia \u00een vigoare.<br \/>\n3. Dac\u0103 sunte\u021bi utilizator al site-ului noastru\u00a0<a href=\"http:\/\/www.motelbucium.ro\/\">www.motelbucium.ro<\/a>. Folosim datele personale pe care le colect\u0103m de la dumneavoastr\u0103 atunci c\u00e2nd vizita\u021bi site \u2013 ul nostru de internet \u00een scopul de a monitoriza traficul \u0219i de a \u00eembun\u0103t\u0103\u021bi con\u021binutul site-ului. Ne baz\u0103m \u00een aceast\u0103 activitate de procesare a datelor pe interesul nostru legitim de a asigura buna func\u021bionare a site-ului noastru de internet, precum \u0219i \u00eembun\u0103t\u0103\u021birea acestuia. Categoriile de date prelucrate \u00een acest context sunt ora \u0219i data acces\u0103rii unui site Internet \u0219i adresa IP de la care a fost accesat site-ul respectiv.<br \/>\nTemeiurile de prelucrare a datelor cu caracter personal pot fi: o obliga\u021bie legal\u0103 (\u00een cazul \u00een care S.C. Motel Bucim S.R.L. este obligat legal s\u0103 divulge anumite date cu caracter personal autorit\u0103\u021bilor publice), executarea unui contract \u00eencheiat de S.C. Motel Bucium S.R.L. \u00een contextul unei anumite tranzac\u021bii sau interesul legitim al S.C. Motel Bucium S.R.L. de a efectua o tranzac\u021bie \u00een cel mai eficient mod.<\/p>\n<p>Serviciul de rezervare online este asigurat prin intermediul website-ului propriu; atunci c\u00e2nd accesa\u021bi acest serviciu, termenii \u0219i condi\u021biile care se aplic\u0103 sunt cele men\u021bionate pe acel website. V\u0103 sf\u0103tuim s\u0103 \u00eei consulta\u021bi.<\/p>\n<p><strong>Art. 4. Leg\u0103turile spre alte site-uri<\/strong><br \/>\nLeg\u0103turile spre alte site-uri de pe acest site sunt oferite doar pentru a v\u0103 ajuta. Dac\u0103 utiliza\u021bi aceste leg\u0103turi ve\u021bi p\u0103r\u0103si site-ul https:\/\/www.motelbucium.ro. S.C. Motel Bucium S.R.L. nu a analizat aceste site-uri, nu controleaz\u0103 \u0219i nu este responsabil pentru aceste site-uri sau con\u021binutul lor. Astfel, S.C. Motel Bucium S.R.L.\u00a0 nu gireaz\u0103 sau nu le reprezint\u0103, inclusiv informa\u021biile, software-ul \u0219i alte produse sau materiale g\u0103site pe aceste site-uri sau orice rezultate care pot fi ob\u021binute prin utilizarea lor. Dac\u0103 decide\u021bi s\u0103 le utiliza\u021bi, o face\u021bi pe propria r\u0103spundere. Informa\u021biile bancare asociate cardului dumneavoastr\u0103 nu fac obiectul prelucr\u0103rii de c\u0103tre Motel Bucium a datelor cu caracter personal. Datele bancare vor fi preluate \u0219i prelucrate \u00een mod direct, securizat \u0219i exclusiv.<\/p>\n<p><strong>Art.5. M\u0103rci<\/strong><\/p>\n<p>Motel Bucium este marc\u0103 \u00eenregistrat\u0103 a S.C. MOTEL BUCIUM S.R.L. Produsele comercializate de S.C. Motel Bucium S.R.L. respect\u0103 standardele de calitate \u0219i \u00eendeplinesc condi\u021biile legale. At\u00e2t produsele hoteliere, c\u00e2t \u0219i cele aflate \u00een legatur\u0103 cu acestea, pot avea pre\u021buri variate, iar modificarea acestora nu presupune nicio obliga\u021bie a Motel Bucium fa\u021b\u0103 de client.<\/p>\n<p><strong>Art. 6. Pl\u0103\u021bi<\/strong><br \/>\nFactura emis\u0103 de c\u0103tre motel trebuie achitat\u0103 cash sau cu una dintre c\u0103r\u021bile de credit acceptate de c\u0103tre Furnizor (Visa, American Express, MasterCard). \u00cen cazul \u00een care Beneficiarul nu a respectat obliga\u021biile de plat\u0103, \u00een condi\u021biile \u0219i la termenele stabilite mai jos, Furnizorul este \u00eendrept\u0103\u021bit s\u0103 rezilieze contractul \u0219i s\u0103 cear\u0103 desp\u0103gubiri, aceast\u0103 reziliere av\u00e2nd efect imediat, f\u0103r\u0103 interven\u021bia unei instan\u021be, f\u0103r\u0103 \u00eent\u00e2rziere \u0219i f\u0103r\u0103 \u00eendeplinirea altor formalit\u0103\u021bi, pe baza unei simple notific\u0103ri transmise Beneficiarului de c\u0103tre Furnizor.<br \/>\nFacturarea se face \u00een LEI (RON) la cursul de schimb al BNR din ziua sosirii (check in).<\/p>\n<p><strong>Art.7. Promo\u021biile<\/strong><br \/>\nToate promo\u021biile sunt supuse disponibilit\u0103\u021bii \u0219i inventarului. S.C. Motel Bucium S.R.L. \u00ee\u0219i rezerv\u0103 drepturile s\u0103 schimbe, modifice sau s\u0103 anuleze promo\u021biile \u00een orice moment \u0219i f\u0103r\u0103 anun\u021b \u00een prealabil.<\/p>\n<p><strong>Art.8. Disclaimer<\/strong><br \/>\nMATERIALELE \u0218I SERVICIILE OFERITE DE ACEST SITE SUNT OFERITE \u201cA\u0218A CUM SUNT\u201d, F\u0102R\u0102 NICIO GARAN\u021aIE DE ORICE FEL, INCLUZ\u00c2ND GARAN\u021aIILE DE COMERCIALIZARE, DE A SE POTRIVI PENTRU O ANUMITA UTILIZARE SAU DE NE\u00ceNC\u0102LCARE A PROPRIET\u0102\u021aII INTELECTUALE.<\/p>\n<p>S.C. Motel Bucium S.R.L.nu garanteaz\u0103 acurate\u021bea \u0219i integritatea materialelor sau serviciilor de pe acest site. S.C. Motel Bucium S.R.L. ar putea face schimb\u0103ri \u00een materialele \u0219i serviciile din acest site sau \u00een produsele \u0219i pre\u021burile descrise, oric\u00e2nd, f\u0103r\u0103 anun\u021b \u00een prealabil. Materialele \u0219i serviciile din acest site ar putea s\u0103 nu mai fie actuale, iar S.C. Motel Bucium S.R.L. nu se oblig\u0103 s\u0103 actualizeze materialele \u0219i serviciile con\u021binute de acest site, dec\u00e2t \u00een urma unei adrese exprese din partea partenerilor sau a colaboratorilor acestui site.<\/p>\n<p><strong>Art.9. Limitarea responsabilit\u0103\u021bilor<\/strong><br \/>\nS.C Motel Bucium S.R.L, furnizorii s\u0103i sau alte p\u0103r\u021bi care sunt men\u021bionate pe acest site, nu sunt responsabile \u00een nicio circumstan\u021b\u0103 pentru orice fel de pierderi (incluz\u00e2nd, f\u0103r\u0103 limit\u0103ri, cele rezultate din profituri pierdute, pierderea datelor sau \u00eentreruperea activit\u0103\u021bii) rezultate din utilizarea, incapacitatea de a utiliza sau din rezultatele utiliz\u0103rii acestui site, a oric\u0103ror site-uri legate la acest site sau din materialele, informa\u021biile sau serviciile con\u021binute pe oricare din aceste site-uri, indiferent dac\u0103 sunt bazate pe garan\u021bie, contract sau orice alt\u0103 teorie legal\u0103 \u0219i indiferent dac\u0103 a fost sau nu aten\u021bionat de posibilitatea apari\u021biei de astfel de pierderi. Dac\u0103 utilizarea materialelor, informa\u021biilor sau serviciilor de pe acest site are ca rezultat apari\u021bia necesit\u0103\u021bii de service, repara\u021bii sau corec\u021bii ale echipamentelor sau a datelor, v\u0103 asuma\u021bi costurile presupuse de acestea. Legea aplicabil\u0103 \u00een aceste cazuri ar putea s\u0103 nu permit\u0103 excluderea sau limitarea pagubelor ap\u0103rute ca \u0219i consecin\u021b\u0103 sau din \u00eent\u00e2mplare, astfel \u00eenc\u00e2t limitarea de mai sus sau excluderea nu se aplic\u0103 \u00een cazul dumneavoastr\u0103. S.C. Motel Bucium S.R.L. nu este responsabil\u0103 pentru prejudiciile suferite de Utilizator sau de c\u0103tre o alt\u0103 persoan\u0103 ca rezultat al confiden\u021bialit\u0103\u021bii cu privire la utilizarea acestui site. Orice informa\u021bie pe care Utilizatorul o dezv\u0103luie pe site poate s\u0103 nu fie \u00een siguran\u021b\u0103 pe durata transmiterii ei prin Internet. Ter\u021be p\u0103r\u021bi au posibilitatea de a intercepta transmisiunile pe care le face Utilizatorul c\u00e2nd folose\u0219te acest site web.<br \/>\nDatele bancare vor fi preluate \u0219i prelucrate \u00een mod direct, securizat \u0219i exclusiv<\/p>\n<p><strong>Art.10. Legile aplicabile<\/strong><br \/>\nAcest site este administrat de S.C. Motel Bucium\u00a0 S.R.L. din birourile sale din Ia\u0219i, Rom\u00e2nia. S.C. Motel Bucium S.R.L. nu specific\u0103 faptul c\u0103 materialele sau serviciile de pe acest site sunt \u00een concordan\u021b\u0103 sau disponibile pentru utilizarea \u00een afara Rom\u00e2niei \u0219i c\u0103 accesul din teritorii unde con\u021binutul lor este ilegal sau interzis. Nu pute\u021bi utiliza\/exporta materialele \u0219i serviciile din acest site sau orice copie sau adaptare care violeaz\u0103 orice lege sau reglementare aplicabil\u0103, incluz\u00e2nd f\u0103r\u0103 limit\u0103 legile \u0219i reglement\u0103rile statului rom\u00e2n. Dac\u0103 accesa\u021bi site-ul din afara Rom\u00e2niei, o face\u021bi pe propria dumneavoastr\u0103 r\u0103spundere. Aceste condi\u021bii vor fi respectate \u00een concordan\u021b\u0103 cu legile statului roman.<\/p>\n<p>Art.11 Generalit\u0103\u021bi<br \/>\nS.C. Motel Bucium S.R.L. poate schimba aceste condi\u021bii oric\u00e2nd prin modificarea acestui anun\u021b. Ar trebui s\u0103 vizita\u021bi aceast\u0103 pagin\u0103 periodic, pentru a revedea aceste condi\u021bii. Anumite dispozi\u021bii ale acestor condi\u021bii ar putea fi anulate de anumite anun\u021buri sau condi\u021bii legale localizate pe anumite pagini ale site-ului.<\/p>","protected":false},"excerpt":{"rendered":"<p>TERMENII \u0218I CONDI\u021aIILE PENTRU UTILIZAREA SITE-ULUI Aten\u021bie: V\u0103 rug\u0103m s\u0103 citi\u021bi aceste condi\u021bii cu aten\u021bie \u00eenainte de a utiliza acest website. Utilizarea acestui website consituie consim\u021b\u0103m\u00e2ntul dvs benevol cu privire la termenii \u0219i condi\u021biile de mai jos: Con\u021binutul tuturor paginilor [&hellip;]<\/p>\n","protected":false},"author":1,"featured_media":0,"parent":0,"menu_order":0,"comment_status":"closed","ping_status":"closed","template":"","meta":{"_bbp_topic_count":0,"_bbp_reply_count":0,"_bbp_total_topic_count":0,"_bbp_total_reply_count":0,"_bbp_voice_count":0,"_bbp_anonymous_reply_count":0,"_bbp_topic_count_hidden":0,"_bbp_reply_count_hidden":0,"_bbp_forum_subforum_count":0,"content-type":"","footnotes":""},"class_list":["post-2054","page","type-page","status-publish","hentry"],"yoast_head":"<!-- This site is optimized with the Yoast SEO plugin v27.1.1 - https:\/\/yoast.com\/product\/yoast-seo-wordpress\/ -->\n<title>Termeni si Conditii - Grand Hotel Traian<\/title>\n<meta name=\"robots\" content=\"index, follow, max-snippet:-1, max-image-preview:large, max-video-preview:-1\" \/>\n<link rel=\"canonical\" href=\"https:\/\/grandhoteltraian.ro\/ro\/termeni-si-conditii\/\" \/>\n<meta property=\"og:locale\" content=\"ro_RO\" \/>\n<meta property=\"og:type\" content=\"article\" \/>\n<meta property=\"og:title\" content=\"Termeni si Conditii - Grand Hotel Traian\" \/>\n<meta property=\"og:description\" content=\"TERMENII \u0218I CONDI\u021aIILE PENTRU UTILIZAREA SITE-ULUI Aten\u021bie: V\u0103 rug\u0103m s\u0103 citi\u021bi aceste condi\u021bii cu aten\u021bie \u00eenainte de a utiliza acest website. Utilizarea acestui website consituie consim\u021b\u0103m\u00e2ntul dvs benevol cu privire la termenii \u0219i condi\u021biile de mai jos: Con\u021binutul tuturor paginilor [&hellip;]\" \/>\n<meta property=\"og:url\" content=\"https:\/\/grandhoteltraian.ro\/ro\/termeni-si-conditii\/\" \/>\n<meta property=\"og:site_name\" content=\"Grand Hotel Traian\" \/>\n<meta property=\"article:modified_time\" content=\"2021-12-14T18:16:39+00:00\" \/>\n<meta name=\"twitter:card\" content=\"summary_large_image\" \/>\n<meta name=\"twitter:label1\" content=\"Timp estimat pentru citire\" \/>\n\t<meta name=\"twitter:data1\" content=\"10 minute\" \/>\n<script type=\"application\/ld+json\" class=\"yoast-schema-graph\">{\"@context\":\"https:\/\/schema.org\",\"@graph\":[{\"@type\":\"WebPage\",\"@id\":\"https:\/\/grandhoteltraian.ro\/ro\/termeni-si-conditii\/\",\"url\":\"https:\/\/grandhoteltraian.ro\/ro\/termeni-si-conditii\/\",\"name\":\"Termeni si Conditii - Grand Hotel Traian\",\"isPartOf\":{\"@id\":\"https:\/\/grandhoteltraian.ro\/ro\/#website\"},\"datePublished\":\"2021-11-09T19:56:08+00:00\",\"dateModified\":\"2021-12-14T18:16:39+00:00\",\"breadcrumb\":{\"@id\":\"https:\/\/grandhoteltraian.ro\/ro\/termeni-si-conditii\/#breadcrumb\"},\"inLanguage\":\"ro-RO\",\"potentialAction\":[{\"@type\":\"ReadAction\",\"target\":[[\"https:\/\/grandhoteltraian.ro\/ro\/termeni-si-conditii\/\"]]}]},{\"@type\":\"BreadcrumbList\",\"@id\":\"https:\/\/grandhoteltraian.ro\/ro\/termeni-si-conditii\/#breadcrumb\",\"itemListElement\":[{\"@type\":\"ListItem\",\"position\":1,\"name\":\"Prima pagin\u0103\",\"item\":\"https:\/\/grandhoteltraian.ro\/ro\/\"},{\"@type\":\"ListItem\",\"position\":2,\"name\":\"Termeni si Conditii\"}]},{\"@type\":\"WebSite\",\"@id\":\"https:\/\/grandhoteltraian.ro\/ro\/#website\",\"url\":\"https:\/\/grandhoteltraian.ro\/ro\/\",\"name\":\"Grand Hotel Traian\",\"description\":\"HOTEL | RESTAURANT | CONFERENCE CENTER | BISTRO\",\"potentialAction\":[{\"@type\":\"SearchAction\",\"target\":{\"@type\":\"EntryPoint\",\"urlTemplate\":\"https:\/\/grandhoteltraian.ro\/ro\/?s={search_term_string}\"},\"query-input\":{\"@type\":\"PropertyValueSpecification\",\"valueRequired\":true,\"valueName\":\"search_term_string\"}}],\"inLanguage\":\"ro-RO\"}]}<\/script>\n<!-- \/ Yoast SEO plugin. -->","yoast_head_json":{"title":"Termeni si Conditii - Grand Hotel Traian","robots":{"index":"index","follow":"follow","max-snippet":"max-snippet:-1","max-image-preview":"max-image-preview:large","max-video-preview":"max-video-preview:-1"},"canonical":"https:\/\/grandhoteltraian.ro\/ro\/termeni-si-conditii\/","og_locale":"ro_RO","og_type":"article","og_title":"Termeni si Conditii - Grand Hotel Traian","og_description":"TERMENII \u0218I CONDI\u021aIILE PENTRU UTILIZAREA SITE-ULUI Aten\u021bie: V\u0103 rug\u0103m s\u0103 citi\u021bi aceste condi\u021bii cu aten\u021bie \u00eenainte de a utiliza acest website. Utilizarea acestui website consituie consim\u021b\u0103m\u00e2ntul dvs benevol cu privire la termenii \u0219i condi\u021biile de mai jos: Con\u021binutul tuturor paginilor [&hellip;]","og_url":"https:\/\/grandhoteltraian.ro\/ro\/termeni-si-conditii\/","og_site_name":"Grand Hotel Traian","article_modified_time":"2021-12-14T18:16:39+00:00","twitter_card":"summary_large_image","twitter_misc":{"Timp estimat pentru citire":"10 minute"},"schema":{"@context":"https:\/\/schema.org","@graph":[{"@type":"WebPage","@id":"https:\/\/grandhoteltraian.ro\/ro\/termeni-si-conditii\/","url":"https:\/\/grandhoteltraian.ro\/ro\/termeni-si-conditii\/","name":"Termeni si Conditii - Grand Hotel Traian","isPartOf":{"@id":"https:\/\/grandhoteltraian.ro\/ro\/#website"},"datePublished":"2021-11-09T19:56:08+00:00","dateModified":"2021-12-14T18:16:39+00:00","breadcrumb":{"@id":"https:\/\/grandhoteltraian.ro\/ro\/termeni-si-conditii\/#breadcrumb"},"inLanguage":"ro-RO","potentialAction":[{"@type":"ReadAction","target":[["https:\/\/grandhoteltraian.ro\/ro\/termeni-si-conditii\/"]]}]},{"@type":"BreadcrumbList","@id":"https:\/\/grandhoteltraian.ro\/ro\/termeni-si-conditii\/#breadcrumb","itemListElement":[{"@type":"ListItem","position":1,"name":"Prima pagin\u0103","item":"https:\/\/grandhoteltraian.ro\/ro\/"},{"@type":"ListItem","position":2,"name":"Termeni si Conditii"}]},{"@type":"WebSite","@id":"https:\/\/grandhoteltraian.ro\/ro\/#website","url":"https:\/\/grandhoteltraian.ro\/ro\/","name":"Grand Hotel Traian","description":"HOTEL | RESTAURANT | CONFERENCE CENTER | BISTRO","potentialAction":[{"@type":"SearchAction","target":{"@type":"EntryPoint","urlTemplate":"https:\/\/grandhoteltraian.ro\/ro\/?s={search_term_string}"},"query-input":{"@type":"PropertyValueSpecification","valueRequired":true,"valueName":"search_term_string"}}],"inLanguage":"ro-RO"}]}},"_links":{"self":[{"href":"https:\/\/grandhoteltraian.ro\/ro\/wp-json\/wp\/v2\/pages\/2054","targetHints":{"allow":["GET"]}}],"collection":[{"href":"https:\/\/grandhoteltraian.ro\/ro\/wp-json\/wp\/v2\/pages"}],"about":[{"href":"https:\/\/grandhoteltraian.ro\/ro\/wp-json\/wp\/v2\/types\/page"}],"author":[{"embeddable":true,"href":"https:\/\/grandhoteltraian.ro\/ro\/wp-json\/wp\/v2\/users\/1"}],"replies":[{"embeddable":true,"href":"https:\/\/grandhoteltraian.ro\/ro\/wp-json\/wp\/v2\/comments?post=2054"}],"version-history":[{"count":2,"href":"https:\/\/grandhoteltraian.ro\/ro\/wp-json\/wp\/v2\/pages\/2054\/revisions"}],"predecessor-version":[{"id":2276,"href":"https:\/\/grandhoteltraian.ro\/ro\/wp-json\/wp\/v2\/pages\/2054\/revisions\/2276"}],"wp:attachment":[{"href":"https:\/\/grandhoteltraian.ro\/ro\/wp-json\/wp\/v2\/media?parent=2054"}],"curies":[{"name":"wp","href":"https:\/\/api.w.org\/{rel}","templated":true}]}}