{"id":2052,"date":"2021-11-09T19:53:48","date_gmt":"2021-11-09T19:53:48","guid":{"rendered":"https:\/\/grandhoteltraian.ro\/?page_id=2052"},"modified":"2022-11-29T14:19:41","modified_gmt":"2022-11-29T12:19:41","slug":"protectia-datelor","status":"publish","type":"page","link":"https:\/\/grandhoteltraian.ro\/ro\/protectia-datelor\/","title":{"rendered":"Protectia Datelor"},"content":{"rendered":"<p><strong>Notificare cu privire la protec\u0163ia datelor personale<\/strong><\/p>\n<ol>\n<li><strong>Operatorul datelor cu caracter personal: <\/strong>Datele dumneavoastr\u0103 sunt prelucrate de c\u0103tre MOTEL BUCIUM S.R.L<strong>. <\/strong>cu sediul social \u00een Iasi, Sos. Iasi-Vaslui km. 12, jude\u0163ul Iasi, \u00eenregistrat\u0103 la ORC Ia\u0219i sub nr. J 22\/3679\/2008, CIF RO 24881200, tel. 0232 266 666, email <a href=\"mailto:contact@grandhoteltraian.ro\">contact@grandhoteltraian.ro<\/a>, punct de lucru \u00een Piata Unirii, nr 1, cunoscut sub denumirea comercial\u0103 <strong>Grand Hotel Traian.<\/strong><\/li>\n<\/ol>\n<p>Pentru orice informa\u021bii legate de datele dumneavoastra cu caracter personal ne pute\u021bi contacta \u00een orice moment utiliz\u00e2nd urm\u0103toarele date de contact prezentate mai sus.<\/p>\n<p>Pentru ob\u021binerea unor interpret\u0103ri oficiale legate de exercitarea drepturilor care decurg din legisla\u021bia privind protec\u021bia datelor cu caracter personal sau pentru a v\u0103 exprima nemul\u021bumirile legate de maniera \u00een care Grapefruit SRL asigur\u0103 prelucrarea datelor cu caracter personal, v\u0103 pute\u021bi adresa Autorit\u0103\u021bii Na\u021bionale de Supraveghere a Prelucr\u0103rii Datelor cu Caracter Personal la urm\u0103toarele coordonate de contact: (i) prin po\u0219t\u0103 sau curier la adresa din Bucure\u0219ti, bulevardul General Gheorghe Magheru nr. 28-30, sector 1, cod po\u0219tal 010336, (ii) prin po\u0219t\u0103 electronic\u0103 la adresa:\u00a0<a href=\"mailto:anspdcp@dataprotection.ro\">anspdcp@dataprotection.ro<\/a>, (iii) prin fax la nr. 0318.059.602 sau (iv) la nr. de telefon 0318.059.211.<\/p>\n<ol start=\"2\">\n<li><strong>Datele cu caracter personal prelucrate sunt: <\/strong>numele \u0219i prenumele, adresa de domiciliu, adresa de email, numarul de telefon \u0219i adresa IP.<\/li>\n<\/ol>\n<ol start=\"3\">\n<li><strong>Tipurile de prelucrare <\/strong><\/li>\n<\/ol>\n<p>\u201cPrelucrarea\u201d \u00eenseamn\u0103 orice opera\u021biune sau set de opera\u021biuni efectuate asupra datelor cu caracter personal sau asupra seturilor de date cu caracter personal, cu sau f\u0103r\u0103 utilizarea de mijloace automatizate, cum ar fi colectarea, \u00eenregistrarea, organizarea, structurarea, stocarea, adaptarea sau modificarea, extragerea, consultarea, utilizarea, transmiterea prin transmitere, diseminarea sau punerea la dispozi\u021bie \u00een orice alt mod, alinierea sau combinarea, restric\u021bionarea, \u0219tergerea sau distrugerea.<\/p>\n<ol start=\"4\">\n<li><strong>Principiile prelucr\u0103rii datelor cu caracter personal<\/strong><\/li>\n<\/ol>\n<p>Motel Bucium SRL se oblig\u0103 s\u0103 respecte principiile de protec\u021bie a datelor cu caracter personal (denumite \u00een continuare \u201ePrincipiile\u201d) prev\u0103zute de GDPR, pentru a se asigura c\u0103 toate datele sunt:<\/p>\n<ul>\n<li>Prelucrate \u00een mod corect, legal \u0219i transparent;<\/li>\n<li>Colectarea datelor \u00een scopuri specificate, explicite \u0219i legitime;<\/li>\n<li>Adecvate, relevante \u0219i limitate \u00een raport cu scopurile pentru care sunt prelucrate;<\/li>\n<li>Corecte \u0219i actualizate;<\/li>\n<li>P\u0103strate \u00eentr-o form\u0103 care nu permite identificarea persoanelor vizate mai mult timp dec\u00e2t este necesar \u00een raport de scopul prelucr\u0103rii;<\/li>\n<li>Procesate \u00een conformitate cu drepturile persoanei vizate, \u00eentr-un mod care s\u0103 asigure o securitate adecvat\u0103 a prelucr\u0103rii, astfel \u00eenc\u00e2t datele s\u0103 fie integre, confiden\u021biale \u0219i disponibile.<\/li>\n<\/ul>\n<ol start=\"5\">\n<li><strong>Scopul prelucr\u0103rii datelor<\/strong><\/li>\n<li><strong>Rezervarea caz\u0103rii. <\/strong>Folosim datele dumneavoastr\u0103 pentru a v\u0103 putea \u00eenregistra \u00een eviden\u021bele \u0219i pentru a rezerva cazarea la Grand Hotel Traian.<\/li>\n<li><strong>Marketing, reclam\u0103, publicitate.<\/strong> Ne oferi\u021bi consim\u021b\u0103m\u00e2ntul prealabil de a utiliza datele dvs. personale pentru a v\u0103 transmite periodic oferte comerciale prin email cu privire la serviciile \u0219i produsele noastre, viitoare campanii sau invita\u021bii la evenimentele organizate de noi. Pute\u021bi s\u0103 v\u0103 dezabona\u021bi de la ofertele personalizate prin transmiterea unui email pe adresa contact@<a href=\"mailto:officeinstalconstructgeneral@gmail.com\">ro<\/a>.<\/li>\n<li><strong>\u00cendeplinirea unor obliga\u021bii legale<\/strong>. Pot fi prelucrate date personale \u00een scopul \u00eendeplinirii unor obliga\u021bii legale. Folosim informa\u021biile dvs. de plat\u0103 \u00een scopuri de contabilitate, facturare \u0219i audit \u0219i pentru detectarea \u0219i\/sau prevenirea oric\u0103ror activit\u0103\u021bi frauduloase.<\/li>\n<li><strong>Beneficiarii datelor<\/strong><\/li>\n<\/ol>\n<p>Pentru a atinge scopurile men\u021bionate mai sus la punctul 5 utiliz\u0103m furnizori de servicii, respectiv imputerninci\u021bi conform art. 28 GDPR, de exemplu furnizorii no\u0219tri de servicii pentru hosting, platform\u0103 \u0219i servicii de \u00eentre\u021binere, pentru trimiterea e-mailurilor \u0219i SMS-urilor, contactarea telefonic\u0103 sau imprimarea de materiale publicitare personalizate, consultanti externi, to\u021bi ace\u0219tia put\u00e2nd care se afl\u0103 \u00een \u021b\u0103ri din din Romania sau din afara ei sau a Uniunii Europene\/Spatiului Economic European.<\/p>\n<p>Asigur\u0103m, de exemplu, prin reglement\u0103ri contractuale, c\u0103 ace\u0219ti furnizori de servicii prelucreaz\u0103 date cu caracter personal \u00een conformitate cu legisla\u021bia european\u0103 privind protec\u021bia datelor, pentru a garanta un nivel ridicat de protec\u021bie a datelor, (spre exemplu, clauze contractuale standard, existenta unor reguli corporatiste obligatorii, etc.) chiar dac\u0103 datele cu caracter personal sunt transferate \u00eentr-o \u021bar\u0103 \u00een care se utilizeaz\u0103 \u00een mod obisnuit un alt nivel de protec\u021bie a datelor \u0219i pentru care nu exist\u0103 nicio decizie de adecvare a Comisiei UE.<\/p>\n<p>Nu se efectueaz\u0103 alte transferuri de date cu caracter personal c\u0103tre al\u021bi destinatari, cu excep\u021bia cazului \u00een care de\u021binem obliga\u021bia aceasta prin lege.<\/p>\n<ol start=\"7\">\n<li><strong>Perioada stoc\u0103rii datelor<\/strong><\/li>\n<\/ol>\n<p>Operatorul\u00a0 stocheaz\u0103 datele dvs. cu caracter personal p\u00e2n\u0103 c\u00e2nd solicita\u021bi s\u0103 fie \u0219terse, dar nu mai mult de 5 ani. Pute\u021bi s\u0103 ne solicita\u021bi oric\u00e2nd \u0219tergerea anumitor informa\u021bii \u0219i vom da curs acestor solicit\u0103ri, sub rezerva p\u0103str\u0103rii anumitor informa\u021bii \u00een situa\u021biile \u00een care legisla\u021bia aplicabil\u0103 sau interesele noastre legitime le impun.<\/p>\n<ol start=\"8\">\n<li><strong>Drepturile dumneavoastr\u0103<\/strong><\/li>\n<\/ol>\n<p>Pute\u021bi contacta societatea pentru a v\u0103 exercitarea drepturilor prev\u0103zute de Regulamentul nr. 2016\/679 la datele de contact ale Operatorului indicate la pct. 1. Aceste drepturi sunt:<\/p>\n<ul>\n<li>Dreptul de a primi informa\u021bii cu privire la prelucrarea datelor \u0219i o copie a datelor procesate.<\/li>\n<li>Dreptul de a solicita rectificarea datelor inexacte sau completarea datelor incomplete.<\/li>\n<li>Dreptul de a solicita \u0219tergerea datelor, inclusiv \u00een cazul \u00een care datele cu caracter personal au fost f\u0103cute publice, transmiterea informa\u021biilor referitoare la solicitarea de \u0219tergere c\u0103tre al\u021bi operatori.<\/li>\n<li>Dreptul de a solicita restric\u021bionarea prelucr\u0103rii datelor \u00een cazul \u00een care persoana vizat\u0103 contest\u0103 exactitatea datelor, precum si in alte cazuri prevazute de lege.<\/li>\n<li>Dreptul de a primi datele personale \u00eentr-un format structurat, utilizat \u00een mod obi\u0219nuit \u0219i mecano-lizibil \u0219i de a solicita transmiterea acestor date c\u0103tre un alt operator.<\/li>\n<li>Dreptul de a se opune prelucr\u0103rii datelor cu inten\u021bia de a \u00eenceta prelucrarea.<\/li>\n<li>Dreptul de a retrage oric\u00e2nd un consim\u021b\u0103m\u00e2nt dat \u00een vederea opririi unei prelucr\u0103ri a datelor care se bazeaz\u0103 pe consim\u021b\u0103m\u00e2ntul dvs. Retragerea nu va afecta legalitatea prelucr\u0103rii pe baza consim\u021b\u0103m\u00e2ntului acordat \u00eenainte de retragere.<\/li>\n<li>Dreptul de a depune o pl\u00e2ngere la o autoritate de supraveghere dac\u0103 considera\u021bi c\u0103 prelucrarea datelor este o \u00eenc\u0103lcare a GDPR.<\/li>\n<\/ul>\n<p>Drepturi suplimentare\u00a0aferente deciziilor automate: poti cere si obtine interventia umana cu privire la respectiva prelucrare, iti poti exprima propriul punct de vedere cu privire la aceasta si poti contesta decizia.<\/p>\n<ol start=\"9\">\n<li><strong>Securitatea prelucr\u0103rii<\/strong><\/li>\n<\/ol>\n<p>Motel Bucium SRL a adoptat m\u0103suri tehnice \u0219i organizatorice de prelucrare a datelor, actualizate \u00een conformitate cu cerin\u021bele GDPR, cu scopul de a proteja datele dumneavoastr\u0103 cu caracter personal \u00eempotriva oric\u0103ror ac\u021biuni de acces neautorizat, utilizare necorespunz\u0103toare sau transmitere, modificare neautorizat\u0103, distrugere sau pierdere accidental\u0103. To\u021bi angaja\u021bii \u0219i colaboratorii no\u0219tri precum \u0219i orice ter\u021be p\u0103r\u021bi care ac\u021bioneaz\u0103 \u00een numele \u0219i pe seama noastr\u0103 \u0219i sunt obliga\u021bi s\u0103 respecte confiden\u021bialitatea informa\u021biilor dumneavoastr\u0103 \u0219i cerin\u021bele GDPR, \u00een conformitate cu prevederile prezentei Politici.<\/p>\n<ol start=\"10\">\n<li><strong>Securitatea datelor dvs. personale<\/strong><\/li>\n<\/ol>\n<p>Respect\u0103m proceduri stricte de securitate \u00een stocarea \u0219i dezv\u0103luirea datelor dvs. personale \u0219i pentru a le proteja \u00eempotriva pierderii, distrugerii sau deterior\u0103rii accidentale. Datele pe care ni le furniza\u021bi sunt protejate cu ajutorul tehnologiei SSL (Secure Socket Layer). SSL este metoda standard \u00een industrie de criptare a informa\u021biilor personale \u0219i a datelor, pentru ca acestea s\u0103 fie transferate \u00een siguran\u021b\u0103 prin internet.<\/p>\n<p>Toate detaliile de \u00eenscriere sunt transmise printr-o conexiune de tip SSL cu ajutorul infrastructurii de re\u021bea dedicate (Multiprotocol Label Switching-MPLS) \u0219i sunt stocate \u00een conformitate cu Standardele privind Securitatea Datelor.<\/p>\n<p>Este posibil ca noi s\u0103 dezv\u0103luim informa\u021biile dvs. unor ter\u021be p\u0103r\u021bi de \u00eencredere \u00een scopurile stabilite \u00een aceast\u0103 Politic\u0103 de confiden\u021bialitate. Solicit\u0103m tuturor p\u0103r\u021bilor ter\u021be s\u0103 dispun\u0103 de m\u0103suri tehnice \u0219i opera\u021bionale de securitate adecvate, pentru a v\u0103 proteja datele personale, \u00een conformitate cu legisla\u021bia irlandez\u0103 \u0219i UE privind normele de protec\u021bie a datelor.<\/p>\n<ol start=\"11\">\n<li><strong>Procesarea formularelor de contact sau \u00eenscriere<\/strong><\/li>\n<\/ol>\n<p>Motel Bucium SRL va folosi informa\u021biile pe care le furniza\u021bi \u00een sec\u021biunea corespunz\u0103toare de contact, existent\u0103 pe site, exclusiv cu scopul de a procesa solicitarea dumneavoastr\u0103.<\/p>\n<p>Prin furnizarea oric\u0103ror date cu caracter personal prin intermediul site-ului www.grandhoteltraian.ro, \u00een\u021belege\u021bi \u0219i sunte\u021bi de acord c\u0103 datele dumneavoastr\u0103 vor fi prelucrate \u00een conformitate cu prevederile politicii subscrisei.<\/p>\n<p>V\u0103 rug\u0103m s\u0103 ave\u021bi \u00een vedere faptul c\u0103 pentru a putea procesa solicit\u0103rile dumneavoastr\u0103 transmise \u00een sec\u021biunea \u201dRezerv\u0103 acum\u201d, este posibil ca, \u00een anumite circumstan\u021be, s\u0103 avem obliga\u021bia de a transmite datele dumneavoastr\u0103, partenerilor no\u0219tri.<\/p>\n<p>Cu toate acestea, subscrisa a adoptat m\u0103suri tehnice \u0219i organizatorice adecvate pentru a asigura securitatea transferului de date, precum \u0219i prelucrarea \u00een conformitate cu cerin\u021bele GDPR a datelor dumneavoastr\u0103, de c\u0103tre entit\u0103\u021bile men\u021bionate anterior.<\/p>\n<p>Motel Bucium SRL se oblig\u0103 s\u0103 nu prelucreze datele cu caracter personal furnizate \u00een alt scop dec\u00e2t acela pentru care au fost transmise, cu excep\u021bia situa\u021biilor \u00een care exist\u0103 consim\u021b\u0103m\u00e2ntul dumneavoastr\u0103 expres pentru a le utiliza \u0219i \u00een alte scopuri<\/p>\n<ol start=\"12\">\n<li><strong>Exonerare de r\u0103spundere<\/strong><\/li>\n<\/ol>\n<p>Site-ul <a href=\"http:\/\/www.grandhoteltraian.ro\">www.grandhoteltraian.ro<\/a> poate con\u021bine leg\u0103turi c\u0103tre alte site-uri \u0219i\/sau alte pagini web care nu sunt proprietatea subscrisei. Motel Bucium SRL nu \u00ee\u0219i asum\u0103 nicio responsabilitate cu privire la con\u021binutul acestor site-uri \u0219i, prin urmare, nu va putea fi \u021binut\u0103 r\u0103spunz\u0103toare pentru con\u021binutul, publicitatea, bunurile, serviciile, software-ul, informa\u021biile sau alte materiale disponibile pe sau prin intermediul acestor site-uri. Motel Bucium SRL nu va fi responsabil\u0103 de pierderea datelor cu caracter personal, de orice efecte negative asupra datelor personale ale vizitatorilor sau de alte daune morale \u0219i\/ sau patrimoniale cauzate de accesul la respectivele site-uri.<\/p>\n<p>&nbsp;<\/p>\n<p><strong>Prin bifarea c\u0103su\u021bei de acceptare v\u0103 exprima\u021bi acordul pentru prelucrarea datelor dumneavoastr\u0103 cu caracter personal \u00een conformitate cu politic\u0103 prezentat\u0103.<\/strong><\/p>","protected":false},"excerpt":{"rendered":"<p>Notificare cu privire la protec\u0163ia datelor personale Operatorul datelor cu caracter personal: Datele dumneavoastr\u0103 sunt prelucrate de c\u0103tre MOTEL BUCIUM S.R.L. cu sediul social \u00een Iasi, Sos. Iasi-Vaslui km. 12, jude\u0163ul Iasi, \u00eenregistrat\u0103 la ORC Ia\u0219i sub nr. J 22\/3679\/2008, [&hellip;]<\/p>\n","protected":false},"author":1,"featured_media":0,"parent":0,"menu_order":0,"comment_status":"closed","ping_status":"closed","template":"","meta":{"_bbp_topic_count":0,"_bbp_reply_count":0,"_bbp_total_topic_count":0,"_bbp_total_reply_count":0,"_bbp_voice_count":0,"_bbp_anonymous_reply_count":0,"_bbp_topic_count_hidden":0,"_bbp_reply_count_hidden":0,"_bbp_forum_subforum_count":0,"content-type":"","footnotes":""},"class_list":["post-2052","page","type-page","status-publish","hentry"],"yoast_head":"<!-- This site is optimized with the Yoast SEO plugin v27.1.1 - https:\/\/yoast.com\/product\/yoast-seo-wordpress\/ -->\n<title>Protectia Datelor - Grand Hotel Traian<\/title>\n<meta name=\"robots\" content=\"index, follow, max-snippet:-1, max-image-preview:large, max-video-preview:-1\" \/>\n<link rel=\"canonical\" href=\"https:\/\/grandhoteltraian.ro\/ro\/protectia-datelor\/\" \/>\n<meta property=\"og:locale\" content=\"ro_RO\" \/>\n<meta property=\"og:type\" content=\"article\" \/>\n<meta property=\"og:title\" content=\"Protectia Datelor - Grand Hotel Traian\" \/>\n<meta property=\"og:description\" content=\"Notificare cu privire la protec\u0163ia datelor personale Operatorul datelor cu caracter personal: Datele dumneavoastr\u0103 sunt prelucrate de c\u0103tre MOTEL BUCIUM S.R.L. cu sediul social \u00een Iasi, Sos. Iasi-Vaslui km. 12, jude\u0163ul Iasi, \u00eenregistrat\u0103 la ORC Ia\u0219i sub nr. J 22\/3679\/2008, [&hellip;]\" \/>\n<meta property=\"og:url\" content=\"https:\/\/grandhoteltraian.ro\/ro\/protectia-datelor\/\" \/>\n<meta property=\"og:site_name\" content=\"Grand Hotel Traian\" \/>\n<meta property=\"article:modified_time\" content=\"2022-11-29T12:19:41+00:00\" \/>\n<meta name=\"twitter:card\" content=\"summary_large_image\" \/>\n<meta name=\"twitter:label1\" content=\"Timp estimat pentru citire\" \/>\n\t<meta name=\"twitter:data1\" content=\"9 minute\" \/>\n<script type=\"application\/ld+json\" class=\"yoast-schema-graph\">{\"@context\":\"https:\/\/schema.org\",\"@graph\":[{\"@type\":\"WebPage\",\"@id\":\"https:\/\/grandhoteltraian.ro\/ro\/protectia-datelor\/\",\"url\":\"https:\/\/grandhoteltraian.ro\/ro\/protectia-datelor\/\",\"name\":\"Protectia Datelor - Grand Hotel Traian\",\"isPartOf\":{\"@id\":\"https:\/\/grandhoteltraian.ro\/ro\/#website\"},\"datePublished\":\"2021-11-09T19:53:48+00:00\",\"dateModified\":\"2022-11-29T12:19:41+00:00\",\"breadcrumb\":{\"@id\":\"https:\/\/grandhoteltraian.ro\/ro\/protectia-datelor\/#breadcrumb\"},\"inLanguage\":\"ro-RO\",\"potentialAction\":[{\"@type\":\"ReadAction\",\"target\":[[\"https:\/\/grandhoteltraian.ro\/ro\/protectia-datelor\/\"]]}]},{\"@type\":\"BreadcrumbList\",\"@id\":\"https:\/\/grandhoteltraian.ro\/ro\/protectia-datelor\/#breadcrumb\",\"itemListElement\":[{\"@type\":\"ListItem\",\"position\":1,\"name\":\"Prima pagin\u0103\",\"item\":\"https:\/\/grandhoteltraian.ro\/ro\/\"},{\"@type\":\"ListItem\",\"position\":2,\"name\":\"Protectia Datelor\"}]},{\"@type\":\"WebSite\",\"@id\":\"https:\/\/grandhoteltraian.ro\/ro\/#website\",\"url\":\"https:\/\/grandhoteltraian.ro\/ro\/\",\"name\":\"Grand Hotel Traian\",\"description\":\"HOTEL | RESTAURANT | CONFERENCE CENTER | BISTRO\",\"potentialAction\":[{\"@type\":\"SearchAction\",\"target\":{\"@type\":\"EntryPoint\",\"urlTemplate\":\"https:\/\/grandhoteltraian.ro\/ro\/?s={search_term_string}\"},\"query-input\":{\"@type\":\"PropertyValueSpecification\",\"valueRequired\":true,\"valueName\":\"search_term_string\"}}],\"inLanguage\":\"ro-RO\"}]}<\/script>\n<!-- \/ Yoast SEO plugin. -->","yoast_head_json":{"title":"Protectia Datelor - Grand Hotel Traian","robots":{"index":"index","follow":"follow","max-snippet":"max-snippet:-1","max-image-preview":"max-image-preview:large","max-video-preview":"max-video-preview:-1"},"canonical":"https:\/\/grandhoteltraian.ro\/ro\/protectia-datelor\/","og_locale":"ro_RO","og_type":"article","og_title":"Protectia Datelor - Grand Hotel Traian","og_description":"Notificare cu privire la protec\u0163ia datelor personale Operatorul datelor cu caracter personal: Datele dumneavoastr\u0103 sunt prelucrate de c\u0103tre MOTEL BUCIUM S.R.L. cu sediul social \u00een Iasi, Sos. Iasi-Vaslui km. 12, jude\u0163ul Iasi, \u00eenregistrat\u0103 la ORC Ia\u0219i sub nr. J 22\/3679\/2008, [&hellip;]","og_url":"https:\/\/grandhoteltraian.ro\/ro\/protectia-datelor\/","og_site_name":"Grand Hotel Traian","article_modified_time":"2022-11-29T12:19:41+00:00","twitter_card":"summary_large_image","twitter_misc":{"Timp estimat pentru citire":"9 minute"},"schema":{"@context":"https:\/\/schema.org","@graph":[{"@type":"WebPage","@id":"https:\/\/grandhoteltraian.ro\/ro\/protectia-datelor\/","url":"https:\/\/grandhoteltraian.ro\/ro\/protectia-datelor\/","name":"Protectia Datelor - Grand Hotel Traian","isPartOf":{"@id":"https:\/\/grandhoteltraian.ro\/ro\/#website"},"datePublished":"2021-11-09T19:53:48+00:00","dateModified":"2022-11-29T12:19:41+00:00","breadcrumb":{"@id":"https:\/\/grandhoteltraian.ro\/ro\/protectia-datelor\/#breadcrumb"},"inLanguage":"ro-RO","potentialAction":[{"@type":"ReadAction","target":[["https:\/\/grandhoteltraian.ro\/ro\/protectia-datelor\/"]]}]},{"@type":"BreadcrumbList","@id":"https:\/\/grandhoteltraian.ro\/ro\/protectia-datelor\/#breadcrumb","itemListElement":[{"@type":"ListItem","position":1,"name":"Prima pagin\u0103","item":"https:\/\/grandhoteltraian.ro\/ro\/"},{"@type":"ListItem","position":2,"name":"Protectia Datelor"}]},{"@type":"WebSite","@id":"https:\/\/grandhoteltraian.ro\/ro\/#website","url":"https:\/\/grandhoteltraian.ro\/ro\/","name":"Grand Hotel Traian","description":"HOTEL | RESTAURANT | CONFERENCE CENTER | BISTRO","potentialAction":[{"@type":"SearchAction","target":{"@type":"EntryPoint","urlTemplate":"https:\/\/grandhoteltraian.ro\/ro\/?s={search_term_string}"},"query-input":{"@type":"PropertyValueSpecification","valueRequired":true,"valueName":"search_term_string"}}],"inLanguage":"ro-RO"}]}},"_links":{"self":[{"href":"https:\/\/grandhoteltraian.ro\/ro\/wp-json\/wp\/v2\/pages\/2052","targetHints":{"allow":["GET"]}}],"collection":[{"href":"https:\/\/grandhoteltraian.ro\/ro\/wp-json\/wp\/v2\/pages"}],"about":[{"href":"https:\/\/grandhoteltraian.ro\/ro\/wp-json\/wp\/v2\/types\/page"}],"author":[{"embeddable":true,"href":"https:\/\/grandhoteltraian.ro\/ro\/wp-json\/wp\/v2\/users\/1"}],"replies":[{"embeddable":true,"href":"https:\/\/grandhoteltraian.ro\/ro\/wp-json\/wp\/v2\/comments?post=2052"}],"version-history":[{"count":4,"href":"https:\/\/grandhoteltraian.ro\/ro\/wp-json\/wp\/v2\/pages\/2052\/revisions"}],"predecessor-version":[{"id":2359,"href":"https:\/\/grandhoteltraian.ro\/ro\/wp-json\/wp\/v2\/pages\/2052\/revisions\/2359"}],"wp:attachment":[{"href":"https:\/\/grandhoteltraian.ro\/ro\/wp-json\/wp\/v2\/media?parent=2052"}],"curies":[{"name":"wp","href":"https:\/\/api.w.org\/{rel}","templated":true}]}}