{"id":2050,"date":"2021-11-09T19:52:32","date_gmt":"2021-11-09T19:52:32","guid":{"rendered":"https:\/\/grandhoteltraian.ro\/?page_id=2050"},"modified":"2021-12-14T20:10:58","modified_gmt":"2021-12-14T18:10:58","slug":"plan-masuri-covid-19","status":"publish","type":"page","link":"https:\/\/grandhoteltraian.ro\/ro\/plan-masuri-covid-19\/","title":{"rendered":"Plan Masuri COVID-19"},"content":{"rendered":"<p>Stima\u021bi oaspe\u021bi,<\/p>\n<p>Grand Hotel Traian acord\u0103 o aten\u021bie deosebit\u0103 pentru s\u0103n\u0103tatea, siguran\u021ba \u0219i securitatea oaspe\u021bilor, angaja\u021bilor \u0219i partenerilor s\u0103i, astfel \u00eentreg staff-ul societ\u0103\u021bii \u00eencearc\u0103 s\u0103 respecte \u0219i s\u0103 implementeze sfaturile \u0219i recomand\u0103rile Organiza\u021biei Mondiale a S\u0103n\u0103t\u0103\u021bii.<br \/>\nPlan de m\u0103suri \u00een ceea ce prive\u0219te cur\u0103\u021benia \u0219i desf\u0103\u0219urarea activit\u0103\u021bii:<\/p>\n<p>Camerele<br \/>\n\u2022 Camerele decazate vor fi dezinfectate \u0219i cur\u0103\u021bate cu produse certificate de Ministerul S\u0103n\u0103t\u0103\u021bii;<br \/>\n\u2022 Camerele vor fi cazate la minim 36 de ore de la anterioara decazare.<\/p>\n<p>Spa\u021bii publice<br \/>\n\u2022 Spa\u021biile comune vor fi dezinfectate frecvent de personal dedicat;<br \/>\n\u2022 Covoare impregnate cu dezinfectant la intrarea \u00een cl\u0103dire;<br \/>\n\u2022 Dispensere automate cu dezinfectant: recep\u021bie.<\/p>\n<p>Distan\u021bare social\u0103<br \/>\n\u2022 Supor\u021bi tip c\u0103l\u0103re\u021bi pe recep\u021bie, pentru prezentarea actelor de identitate la check in;<br \/>\n\u2022 Panouri din Plexiglas montate la recep\u021bie;<br \/>\n\u2022 Posibilitatea transmiterii informatiilor de check-in, online sau telefonic;<br \/>\n\u2022 Ascensoarele vor fi folosite de maxim 2 persoane.<\/p>\n<p>Personal<br \/>\n\u2022 Personalului ii va fi monitorizat\u0103 temperatura corporal\u0103 la intrarea \u0219i ie\u0219irea din tur\u0103;<br \/>\n\u2022 Tot personalul va purta \u00een permanen\u021b\u0103 m\u0103\u0219ti \u0219i m\u0103nu\u0219i de unic\u0103 folosin\u021b\u0103.<\/p>\n<p>Regulile casei \u2013 Covid-19<\/p>\n<p>In contextul actual, ca raspuns la situatia generat\u0103 de noul coronavirus (Covid-19) dumneavoastr\u0103 ca oaspete al hotelului aveti obliga\u021bia de a respecta urmatoarelor m\u0103suri:<\/p>\n<p>\u2022 Dezinfectarea m\u00e2inilor la dispenserul de la intrarea \u00een hotel;<br \/>\n\u2022 Purtarea m\u0103\u0219tii care s\u0103 acopere gura \u0219i nasul \u00een toate spa\u021biile comune din hotel;<br \/>\n\u2022 Procedura de check-in se va desf\u0103\u0219ura respect\u00e2nd distan\u021ba conform marcajelor de pe podea;<br \/>\n\u2022 La check-in, trebuie s\u0103 prezenta\u021bi un document de identitate \u0219i va trebui sa prezenta\u021bi informa\u021bii despre intinerariul c\u0103l\u0103toriei, istoricul destina\u021biilor frecventate \u00een ultimele 14 zile \u0219i alte informa\u021bii relevante. Ne rezerv\u0103m dreptul de a refuza cazarea dac\u0103 exist\u0103 dovezi rezonabile c\u0103 a\u021bi c\u0103l\u0103torit din zone cu risc ridicat de infectare cu Covid-19 (asa cum sunt ele prezentate pe site-ul www.stirioficiale.ro);<br \/>\n\u2022 Accesul in lifturi se face de maxim 2 persoane sau cu membrii familiei;<br \/>\n\u2022 Cur\u0103\u021benia \u00een camer\u0103 \u0219i completarea produselor din minibar se face exclusiv cu permisiunea dvs. Aceste servicii se realizeaz\u0103 doar \u00een lipsa dumneavoastr\u0103. Refuzul de a p\u0103r\u0103si camera duce la neprestarea serviciilor;<br \/>\n\u2022 Serviciile de restaurant sunt disponibile doar in regim \u201croom service\u201d. Meniul de room service poate fi consultat in camer\u0103;<br \/>\n\u2022 Micul dejun se serve\u0219te de luni pana vineri \u00een intervalul 07:00-10:00, iar s\u00e2mbata \u0219i duminica \u00een intervalul 07:00-11:00 \u00een regim \u201croom service\u201d. Meniul de mic dejun poate fi consultat \u00een camer\u0103;<br \/>\n\u2022 Vizitele in camera sunt interzise. Vizitele \u0219i \u00eent\u00e2lnirile se fac doar \u00een lobby-ul de la parter, respect\u00e2nd regulile de distan\u021bare social\u0103, minim 1,5 m \u00eentre persoane;<br \/>\n\u2022 Interac\u021biunea cu personalul de la recep\u021bie, pe durata \u0219ederii \u0219i la check out se va face respect\u00e2nd distan\u021ba de minim 1.5 m.<\/p>\n<p>Cu drag,<br \/>\nEchipa Grand Hotel Traian<\/p>","protected":false},"excerpt":{"rendered":"<p>Stima\u021bi oaspe\u021bi, Grand Hotel Traian acord\u0103 o aten\u021bie deosebit\u0103 pentru s\u0103n\u0103tatea, siguran\u021ba \u0219i securitatea oaspe\u021bilor, angaja\u021bilor \u0219i partenerilor s\u0103i, astfel \u00eentreg staff-ul societ\u0103\u021bii \u00eencearc\u0103 s\u0103 respecte \u0219i s\u0103 implementeze sfaturile \u0219i recomand\u0103rile Organiza\u021biei Mondiale a S\u0103n\u0103t\u0103\u021bii. Plan de m\u0103suri \u00een [&hellip;]<\/p>\n","protected":false},"author":1,"featured_media":0,"parent":0,"menu_order":0,"comment_status":"closed","ping_status":"closed","template":"","meta":{"_bbp_topic_count":0,"_bbp_reply_count":0,"_bbp_total_topic_count":0,"_bbp_total_reply_count":0,"_bbp_voice_count":0,"_bbp_anonymous_reply_count":0,"_bbp_topic_count_hidden":0,"_bbp_reply_count_hidden":0,"_bbp_forum_subforum_count":0,"content-type":"","footnotes":""},"class_list":["post-2050","page","type-page","status-publish","hentry"],"yoast_head":"<!-- This site is optimized with the Yoast SEO plugin v27.1.1 - https:\/\/yoast.com\/product\/yoast-seo-wordpress\/ -->\n<title>Plan Masuri COVID-19 - Grand Hotel Traian<\/title>\n<meta name=\"robots\" content=\"index, follow, max-snippet:-1, max-image-preview:large, max-video-preview:-1\" \/>\n<link rel=\"canonical\" href=\"https:\/\/grandhoteltraian.ro\/ro\/plan-masuri-covid-19\/\" \/>\n<meta property=\"og:locale\" content=\"ro_RO\" \/>\n<meta property=\"og:type\" content=\"article\" \/>\n<meta property=\"og:title\" content=\"Plan Masuri COVID-19 - Grand Hotel Traian\" \/>\n<meta property=\"og:description\" content=\"Stima\u021bi oaspe\u021bi, Grand Hotel Traian acord\u0103 o aten\u021bie deosebit\u0103 pentru s\u0103n\u0103tatea, siguran\u021ba \u0219i securitatea oaspe\u021bilor, angaja\u021bilor \u0219i partenerilor s\u0103i, astfel \u00eentreg staff-ul societ\u0103\u021bii \u00eencearc\u0103 s\u0103 respecte \u0219i s\u0103 implementeze sfaturile \u0219i recomand\u0103rile Organiza\u021biei Mondiale a S\u0103n\u0103t\u0103\u021bii. Plan de m\u0103suri \u00een [&hellip;]\" \/>\n<meta property=\"og:url\" content=\"https:\/\/grandhoteltraian.ro\/ro\/plan-masuri-covid-19\/\" \/>\n<meta property=\"og:site_name\" content=\"Grand Hotel Traian\" \/>\n<meta property=\"article:modified_time\" content=\"2021-12-14T18:10:58+00:00\" \/>\n<meta name=\"twitter:card\" content=\"summary_large_image\" \/>\n<meta name=\"twitter:label1\" content=\"Timp estimat pentru citire\" \/>\n\t<meta name=\"twitter:data1\" content=\"3 minute\" \/>\n<script type=\"application\/ld+json\" class=\"yoast-schema-graph\">{\"@context\":\"https:\/\/schema.org\",\"@graph\":[{\"@type\":\"WebPage\",\"@id\":\"https:\/\/grandhoteltraian.ro\/ro\/plan-masuri-covid-19\/\",\"url\":\"https:\/\/grandhoteltraian.ro\/ro\/plan-masuri-covid-19\/\",\"name\":\"Plan Masuri COVID-19 - Grand Hotel Traian\",\"isPartOf\":{\"@id\":\"https:\/\/grandhoteltraian.ro\/ro\/#website\"},\"datePublished\":\"2021-11-09T19:52:32+00:00\",\"dateModified\":\"2021-12-14T18:10:58+00:00\",\"breadcrumb\":{\"@id\":\"https:\/\/grandhoteltraian.ro\/ro\/plan-masuri-covid-19\/#breadcrumb\"},\"inLanguage\":\"ro-RO\",\"potentialAction\":[{\"@type\":\"ReadAction\",\"target\":[[\"https:\/\/grandhoteltraian.ro\/ro\/plan-masuri-covid-19\/\"]]}]},{\"@type\":\"BreadcrumbList\",\"@id\":\"https:\/\/grandhoteltraian.ro\/ro\/plan-masuri-covid-19\/#breadcrumb\",\"itemListElement\":[{\"@type\":\"ListItem\",\"position\":1,\"name\":\"Prima pagin\u0103\",\"item\":\"https:\/\/grandhoteltraian.ro\/ro\/\"},{\"@type\":\"ListItem\",\"position\":2,\"name\":\"Plan Masuri COVID-19\"}]},{\"@type\":\"WebSite\",\"@id\":\"https:\/\/grandhoteltraian.ro\/ro\/#website\",\"url\":\"https:\/\/grandhoteltraian.ro\/ro\/\",\"name\":\"Grand Hotel Traian\",\"description\":\"HOTEL | RESTAURANT | CONFERENCE CENTER | BISTRO\",\"potentialAction\":[{\"@type\":\"SearchAction\",\"target\":{\"@type\":\"EntryPoint\",\"urlTemplate\":\"https:\/\/grandhoteltraian.ro\/ro\/?s={search_term_string}\"},\"query-input\":{\"@type\":\"PropertyValueSpecification\",\"valueRequired\":true,\"valueName\":\"search_term_string\"}}],\"inLanguage\":\"ro-RO\"}]}<\/script>\n<!-- \/ Yoast SEO plugin. -->","yoast_head_json":{"title":"Plan Masuri COVID-19 - Grand Hotel Traian","robots":{"index":"index","follow":"follow","max-snippet":"max-snippet:-1","max-image-preview":"max-image-preview:large","max-video-preview":"max-video-preview:-1"},"canonical":"https:\/\/grandhoteltraian.ro\/ro\/plan-masuri-covid-19\/","og_locale":"ro_RO","og_type":"article","og_title":"Plan Masuri COVID-19 - Grand Hotel Traian","og_description":"Stima\u021bi oaspe\u021bi, Grand Hotel Traian acord\u0103 o aten\u021bie deosebit\u0103 pentru s\u0103n\u0103tatea, siguran\u021ba \u0219i securitatea oaspe\u021bilor, angaja\u021bilor \u0219i partenerilor s\u0103i, astfel \u00eentreg staff-ul societ\u0103\u021bii \u00eencearc\u0103 s\u0103 respecte \u0219i s\u0103 implementeze sfaturile \u0219i recomand\u0103rile Organiza\u021biei Mondiale a S\u0103n\u0103t\u0103\u021bii. Plan de m\u0103suri \u00een [&hellip;]","og_url":"https:\/\/grandhoteltraian.ro\/ro\/plan-masuri-covid-19\/","og_site_name":"Grand Hotel Traian","article_modified_time":"2021-12-14T18:10:58+00:00","twitter_card":"summary_large_image","twitter_misc":{"Timp estimat pentru citire":"3 minute"},"schema":{"@context":"https:\/\/schema.org","@graph":[{"@type":"WebPage","@id":"https:\/\/grandhoteltraian.ro\/ro\/plan-masuri-covid-19\/","url":"https:\/\/grandhoteltraian.ro\/ro\/plan-masuri-covid-19\/","name":"Plan Masuri COVID-19 - Grand Hotel Traian","isPartOf":{"@id":"https:\/\/grandhoteltraian.ro\/ro\/#website"},"datePublished":"2021-11-09T19:52:32+00:00","dateModified":"2021-12-14T18:10:58+00:00","breadcrumb":{"@id":"https:\/\/grandhoteltraian.ro\/ro\/plan-masuri-covid-19\/#breadcrumb"},"inLanguage":"ro-RO","potentialAction":[{"@type":"ReadAction","target":[["https:\/\/grandhoteltraian.ro\/ro\/plan-masuri-covid-19\/"]]}]},{"@type":"BreadcrumbList","@id":"https:\/\/grandhoteltraian.ro\/ro\/plan-masuri-covid-19\/#breadcrumb","itemListElement":[{"@type":"ListItem","position":1,"name":"Prima pagin\u0103","item":"https:\/\/grandhoteltraian.ro\/ro\/"},{"@type":"ListItem","position":2,"name":"Plan Masuri COVID-19"}]},{"@type":"WebSite","@id":"https:\/\/grandhoteltraian.ro\/ro\/#website","url":"https:\/\/grandhoteltraian.ro\/ro\/","name":"Grand Hotel Traian","description":"HOTEL | RESTAURANT | CONFERENCE CENTER | BISTRO","potentialAction":[{"@type":"SearchAction","target":{"@type":"EntryPoint","urlTemplate":"https:\/\/grandhoteltraian.ro\/ro\/?s={search_term_string}"},"query-input":{"@type":"PropertyValueSpecification","valueRequired":true,"valueName":"search_term_string"}}],"inLanguage":"ro-RO"}]}},"_links":{"self":[{"href":"https:\/\/grandhoteltraian.ro\/ro\/wp-json\/wp\/v2\/pages\/2050","targetHints":{"allow":["GET"]}}],"collection":[{"href":"https:\/\/grandhoteltraian.ro\/ro\/wp-json\/wp\/v2\/pages"}],"about":[{"href":"https:\/\/grandhoteltraian.ro\/ro\/wp-json\/wp\/v2\/types\/page"}],"author":[{"embeddable":true,"href":"https:\/\/grandhoteltraian.ro\/ro\/wp-json\/wp\/v2\/users\/1"}],"replies":[{"embeddable":true,"href":"https:\/\/grandhoteltraian.ro\/ro\/wp-json\/wp\/v2\/comments?post=2050"}],"version-history":[{"count":2,"href":"https:\/\/grandhoteltraian.ro\/ro\/wp-json\/wp\/v2\/pages\/2050\/revisions"}],"predecessor-version":[{"id":2273,"href":"https:\/\/grandhoteltraian.ro\/ro\/wp-json\/wp\/v2\/pages\/2050\/revisions\/2273"}],"wp:attachment":[{"href":"https:\/\/grandhoteltraian.ro\/ro\/wp-json\/wp\/v2\/media?parent=2050"}],"curies":[{"name":"wp","href":"https:\/\/api.w.org\/{rel}","templated":true}]}}